{"id":1836,"date":"2017-10-19T15:00:47","date_gmt":"2017-10-19T19:00:47","guid":{"rendered":"https:\/\/ultimate-tech.com\/wide-format\/"},"modified":"2024-04-23T12:03:42","modified_gmt":"2024-04-23T16:03:42","slug":"grand-format","status":"publish","type":"page","link":"https:\/\/ultimate-tech.com\/fr\/domaines-dimpression\/grand-format\/","title":{"rendered":"Grand Format"},"content":{"rendered":"<p>Voici un exemple de page. Elle est diff\u00e9rente d&rsquo;un article de blogue, en cela qu&rsquo;elle restera \u00e0 la m\u00eame place, et s&rsquo;affichera dans le menu de navigation de votre site (en fonction de votre th\u00e8me). La plupart des gens commencent par \u00e9crire une page \u00ab \u00c0 Propos \u00bb qui les pr\u00e9sente aux visiteurs potentiels du site. Vous pourriez y \u00e9crire quelque chose de ce tenant :<\/p>\n<p>&nbsp;<\/p>\n","protected":false},"excerpt":{"rendered":"<p>Voici un exemple de page. Elle est diff\u00e9rente d&rsquo;un article de blogue, en cela qu&rsquo;elle restera \u00e0 la m\u00eame place, et s&rsquo;affichera dans le menu de navigation de votre site (en fonction de votre th\u00e8me). La plupart des gens commencent par \u00e9crire une page \u00ab \u00c0 Propos \u00bb qui les pr\u00e9sente aux visiteurs potentiels du [&hellip;]<\/p>\n","protected":false},"author":1,"featured_media":0,"parent":1846,"menu_order":57,"comment_status":"closed","ping_status":"closed","template":"template\/print.php","meta":{"_acf_changed":false,"footnotes":""},"class_list":["post-1836","page","type-page","status-publish","hentry"],"acf":[],"yoast_head":"<!-- This site is optimized with the Yoast SEO plugin v27.4 - https:\/\/yoast.com\/product\/yoast-seo-wordpress\/ -->\n<title>Grand Format - Ultimate Tech<\/title>\n<meta name=\"description\" content=\"Imposition.com presented by Ultimate TechnoGraphics, leading imposition software provider, focuses on automation your imposition and finishing tasks. Automation drives results in printing. This is the foundation of all Impostrip\u00ae product developments and today printers swear by Impostrip\u00ae\u2019s speed, power, flexibility and ease of use in a digital or hybrid environment. Ultimate TechnoGraphics invented digital imposition with the first release of Impostrip\u00ae in 1989, and has continued to play ...\" \/>\n<meta name=\"robots\" content=\"index, follow, max-snippet:-1, max-image-preview:large, max-video-preview:-1\" \/>\n<link rel=\"canonical\" href=\"https:\/\/ultimate-tech.com\/fr\/domaines-dimpression\/grand-format\/\" \/>\n<meta property=\"og:locale\" content=\"fr_FR\" \/>\n<meta property=\"og:type\" content=\"article\" \/>\n<meta property=\"og:title\" content=\"Grand Format - Ultimate Tech\" \/>\n<meta property=\"og:description\" content=\"Imposition.com presented by Ultimate TechnoGraphics, leading imposition software provider, focuses on automation your imposition and finishing tasks. Automation drives results in printing. This is the foundation of all Impostrip\u00ae product developments and today printers swear by Impostrip\u00ae\u2019s speed, power, flexibility and ease of use in a digital or hybrid environment. Ultimate TechnoGraphics invented digital imposition with the first release of Impostrip\u00ae in 1989, and has continued to play ...\" \/>\n<meta property=\"og:url\" content=\"https:\/\/ultimate-tech.com\/fr\/domaines-dimpression\/grand-format\/\" \/>\n<meta property=\"og:site_name\" content=\"Ultimate Tech\" \/>\n<meta property=\"article:publisher\" content=\"https:\/\/www.facebook.com\/UltimateTechnoGraphics\/\" \/>\n<meta property=\"article:modified_time\" content=\"2024-04-23T16:03:42+00:00\" \/>\n<meta property=\"og:image\" content=\"https:\/\/ultimate-tech.com\/wp-content\/uploads\/2024\/05\/UT-Share-1200x624-1.png\" \/>\n\t<meta property=\"og:image:width\" content=\"1200\" \/>\n\t<meta property=\"og:image:height\" content=\"624\" \/>\n\t<meta property=\"og:image:type\" content=\"image\/png\" \/>\n<meta name=\"twitter:card\" content=\"summary_large_image\" \/>\n<meta name=\"twitter:site\" content=\"@PrintImposition\" \/>\n<script type=\"application\/ld+json\" class=\"yoast-schema-graph\">{\"@context\":\"https:\\\/\\\/schema.org\",\"@graph\":[{\"@type\":\"WebPage\",\"@id\":\"https:\\\/\\\/ultimate-tech.com\\\/fr\\\/domaines-dimpression\\\/grand-format\\\/\",\"url\":\"https:\\\/\\\/ultimate-tech.com\\\/fr\\\/domaines-dimpression\\\/grand-format\\\/\",\"name\":\"Grand Format - Ultimate Tech\",\"isPartOf\":{\"@id\":\"https:\\\/\\\/ultimate-tech.com\\\/#website\"},\"datePublished\":\"2017-10-19T19:00:47+00:00\",\"dateModified\":\"2024-04-23T16:03:42+00:00\",\"description\":\"Imposition.com presented by Ultimate TechnoGraphics, leading imposition software provider, focuses on automation your imposition and finishing tasks. Automation drives results in printing. This is the foundation of all Impostrip\u00ae product developments and today printers swear by Impostrip\u00ae\u2019s speed, power, flexibility and ease of use in a digital or hybrid environment. Ultimate TechnoGraphics invented digital imposition with the first release of Impostrip\u00ae in 1989, and has continued to play ...\",\"breadcrumb\":{\"@id\":\"https:\\\/\\\/ultimate-tech.com\\\/fr\\\/domaines-dimpression\\\/grand-format\\\/#breadcrumb\"},\"inLanguage\":\"fr-FR\",\"potentialAction\":[{\"@type\":\"ReadAction\",\"target\":[\"https:\\\/\\\/ultimate-tech.com\\\/fr\\\/domaines-dimpression\\\/grand-format\\\/\"]}]},{\"@type\":\"BreadcrumbList\",\"@id\":\"https:\\\/\\\/ultimate-tech.com\\\/fr\\\/domaines-dimpression\\\/grand-format\\\/#breadcrumb\",\"itemListElement\":[{\"@type\":\"ListItem\",\"position\":1,\"name\":\"Home\",\"item\":\"https:\\\/\\\/ultimate-tech.com\\\/fr\\\/\"},{\"@type\":\"ListItem\",\"position\":2,\"name\":\"Domaines d&rsquo;impression\",\"item\":\"https:\\\/\\\/ultimate-tech.com\\\/fr\\\/domaines-dimpression\\\/\"},{\"@type\":\"ListItem\",\"position\":3,\"name\":\"Grand Format\"}]},{\"@type\":\"WebSite\",\"@id\":\"https:\\\/\\\/ultimate-tech.com\\\/#website\",\"url\":\"https:\\\/\\\/ultimate-tech.com\\\/\",\"name\":\"Ultimate Tech\",\"description\":\"The home of Imposition, Nesting and Finishing Automation\",\"publisher\":{\"@id\":\"https:\\\/\\\/ultimate-tech.com\\\/#organization\"},\"potentialAction\":[{\"@type\":\"SearchAction\",\"target\":{\"@type\":\"EntryPoint\",\"urlTemplate\":\"https:\\\/\\\/ultimate-tech.com\\\/?s={search_term_string}\"},\"query-input\":{\"@type\":\"PropertyValueSpecification\",\"valueRequired\":true,\"valueName\":\"search_term_string\"}}],\"inLanguage\":\"fr-FR\"},{\"@type\":\"Organization\",\"@id\":\"https:\\\/\\\/ultimate-tech.com\\\/#organization\",\"name\":\"Ultimate -Tech\",\"url\":\"https:\\\/\\\/ultimate-tech.com\\\/\",\"logo\":{\"@type\":\"ImageObject\",\"inLanguage\":\"fr-FR\",\"@id\":\"https:\\\/\\\/ultimate-tech.com\\\/#\\\/schema\\\/logo\\\/image\\\/\",\"url\":\"https:\\\/\\\/ultimate-tech.com\\\/wp-content\\\/uploads\\\/2024\\\/05\\\/Ultimate-tech.png\",\"contentUrl\":\"https:\\\/\\\/ultimate-tech.com\\\/wp-content\\\/uploads\\\/2024\\\/05\\\/Ultimate-tech.png\",\"width\":801,\"height\":181,\"caption\":\"Ultimate -Tech\"},\"image\":{\"@id\":\"https:\\\/\\\/ultimate-tech.com\\\/#\\\/schema\\\/logo\\\/image\\\/\"},\"sameAs\":[\"https:\\\/\\\/www.facebook.com\\\/UltimateTechnoGraphics\\\/\",\"https:\\\/\\\/x.com\\\/PrintImposition\",\"https:\\\/\\\/ca.linkedin.com\\\/company\\\/ultimate-technographics\"]}]}<\/script>\n<!-- \/ Yoast SEO plugin. -->","yoast_head_json":{"title":"Grand Format - Ultimate Tech","description":"Imposition.com presented by Ultimate TechnoGraphics, leading imposition software provider, focuses on automation your imposition and finishing tasks. Automation drives results in printing. This is the foundation of all Impostrip\u00ae product developments and today printers swear by Impostrip\u00ae\u2019s speed, power, flexibility and ease of use in a digital or hybrid environment. Ultimate TechnoGraphics invented digital imposition with the first release of Impostrip\u00ae in 1989, and has continued to play ...","robots":{"index":"index","follow":"follow","max-snippet":"max-snippet:-1","max-image-preview":"max-image-preview:large","max-video-preview":"max-video-preview:-1"},"canonical":"https:\/\/ultimate-tech.com\/fr\/domaines-dimpression\/grand-format\/","og_locale":"fr_FR","og_type":"article","og_title":"Grand Format - Ultimate Tech","og_description":"Imposition.com presented by Ultimate TechnoGraphics, leading imposition software provider, focuses on automation your imposition and finishing tasks. Automation drives results in printing. This is the foundation of all Impostrip\u00ae product developments and today printers swear by Impostrip\u00ae\u2019s speed, power, flexibility and ease of use in a digital or hybrid environment. Ultimate TechnoGraphics invented digital imposition with the first release of Impostrip\u00ae in 1989, and has continued to play ...","og_url":"https:\/\/ultimate-tech.com\/fr\/domaines-dimpression\/grand-format\/","og_site_name":"Ultimate Tech","article_publisher":"https:\/\/www.facebook.com\/UltimateTechnoGraphics\/","article_modified_time":"2024-04-23T16:03:42+00:00","og_image":[{"width":1200,"height":624,"url":"https:\/\/ultimate-tech.com\/wp-content\/uploads\/2024\/05\/UT-Share-1200x624-1.png","type":"image\/png"}],"twitter_card":"summary_large_image","twitter_site":"@PrintImposition","schema":{"@context":"https:\/\/schema.org","@graph":[{"@type":"WebPage","@id":"https:\/\/ultimate-tech.com\/fr\/domaines-dimpression\/grand-format\/","url":"https:\/\/ultimate-tech.com\/fr\/domaines-dimpression\/grand-format\/","name":"Grand Format - Ultimate Tech","isPartOf":{"@id":"https:\/\/ultimate-tech.com\/#website"},"datePublished":"2017-10-19T19:00:47+00:00","dateModified":"2024-04-23T16:03:42+00:00","description":"Imposition.com presented by Ultimate TechnoGraphics, leading imposition software provider, focuses on automation your imposition and finishing tasks. Automation drives results in printing. This is the foundation of all Impostrip\u00ae product developments and today printers swear by Impostrip\u00ae\u2019s speed, power, flexibility and ease of use in a digital or hybrid environment. Ultimate TechnoGraphics invented digital imposition with the first release of Impostrip\u00ae in 1989, and has continued to play ...","breadcrumb":{"@id":"https:\/\/ultimate-tech.com\/fr\/domaines-dimpression\/grand-format\/#breadcrumb"},"inLanguage":"fr-FR","potentialAction":[{"@type":"ReadAction","target":["https:\/\/ultimate-tech.com\/fr\/domaines-dimpression\/grand-format\/"]}]},{"@type":"BreadcrumbList","@id":"https:\/\/ultimate-tech.com\/fr\/domaines-dimpression\/grand-format\/#breadcrumb","itemListElement":[{"@type":"ListItem","position":1,"name":"Home","item":"https:\/\/ultimate-tech.com\/fr\/"},{"@type":"ListItem","position":2,"name":"Domaines d&rsquo;impression","item":"https:\/\/ultimate-tech.com\/fr\/domaines-dimpression\/"},{"@type":"ListItem","position":3,"name":"Grand Format"}]},{"@type":"WebSite","@id":"https:\/\/ultimate-tech.com\/#website","url":"https:\/\/ultimate-tech.com\/","name":"Ultimate Tech","description":"The home of Imposition, Nesting and Finishing Automation","publisher":{"@id":"https:\/\/ultimate-tech.com\/#organization"},"potentialAction":[{"@type":"SearchAction","target":{"@type":"EntryPoint","urlTemplate":"https:\/\/ultimate-tech.com\/?s={search_term_string}"},"query-input":{"@type":"PropertyValueSpecification","valueRequired":true,"valueName":"search_term_string"}}],"inLanguage":"fr-FR"},{"@type":"Organization","@id":"https:\/\/ultimate-tech.com\/#organization","name":"Ultimate -Tech","url":"https:\/\/ultimate-tech.com\/","logo":{"@type":"ImageObject","inLanguage":"fr-FR","@id":"https:\/\/ultimate-tech.com\/#\/schema\/logo\/image\/","url":"https:\/\/ultimate-tech.com\/wp-content\/uploads\/2024\/05\/Ultimate-tech.png","contentUrl":"https:\/\/ultimate-tech.com\/wp-content\/uploads\/2024\/05\/Ultimate-tech.png","width":801,"height":181,"caption":"Ultimate -Tech"},"image":{"@id":"https:\/\/ultimate-tech.com\/#\/schema\/logo\/image\/"},"sameAs":["https:\/\/www.facebook.com\/UltimateTechnoGraphics\/","https:\/\/x.com\/PrintImposition","https:\/\/ca.linkedin.com\/company\/ultimate-technographics"]}]}},"_links":{"self":[{"href":"https:\/\/ultimate-tech.com\/fr\/wp-json\/wp\/v2\/pages\/1836","targetHints":{"allow":["GET"]}}],"collection":[{"href":"https:\/\/ultimate-tech.com\/fr\/wp-json\/wp\/v2\/pages"}],"about":[{"href":"https:\/\/ultimate-tech.com\/fr\/wp-json\/wp\/v2\/types\/page"}],"author":[{"embeddable":true,"href":"https:\/\/ultimate-tech.com\/fr\/wp-json\/wp\/v2\/users\/1"}],"replies":[{"embeddable":true,"href":"https:\/\/ultimate-tech.com\/fr\/wp-json\/wp\/v2\/comments?post=1836"}],"version-history":[{"count":0,"href":"https:\/\/ultimate-tech.com\/fr\/wp-json\/wp\/v2\/pages\/1836\/revisions"}],"up":[{"embeddable":true,"href":"https:\/\/ultimate-tech.com\/fr\/wp-json\/wp\/v2\/pages\/1846"}],"wp:attachment":[{"href":"https:\/\/ultimate-tech.com\/fr\/wp-json\/wp\/v2\/media?parent=1836"}],"curies":[{"name":"wp","href":"https:\/\/api.w.org\/{rel}","templated":true}]}}