{"id":1831,"date":"2017-11-14T16:15:13","date_gmt":"2017-11-14T20:15:13","guid":{"rendered":"https:\/\/ultimate-tech.com\/contact\/"},"modified":"2024-04-23T18:14:59","modified_gmt":"2024-04-23T22:14:59","slug":"nous-joindre","status":"publish","type":"page","link":"https:\/\/ultimate-tech.com\/fr\/nous-joindre\/","title":{"rendered":"Nous joindre"},"content":{"rendered":"<div class=\"wpb-content-wrapper\"><p>[vc_row][vc_column][vc_titre_section titre=\u00a0\u00bbNous joindre\u00a0\u00bb][vc_column_text]<\/p>\n<h2>Dites-nous de quoi vous voulez parler.<\/h2>\n<p>[\/vc_column_text][\/vc_column][\/vc_row][vc_row ultimate_row=\u00a0\u00bbrow-full\u00a0\u00bb][vc_column][vc_custom_contact frm1_title=\u00a0\u00bbInformations g\u00e9n\u00e9rales\u00a0\u00bb frm1=\u00a0\u00bb35&Prime; frm2_title=\u00a0\u00bbVentes &amp; m\u00e9dias\u00a0\u00bb frm2=\u00a0\u00bb4&Prime; frm3_title=\u00a0\u00bbSoutien technique\u00a0\u00bb frm3=\u00a0\u00bb8&Prime;][\/vc_column][\/vc_row][vc_row el_class=\u00a0\u00bbgoogle_zone\u00a0\u00bb css=\u00a0\u00bb.vc_custom_1713889874709{background-image: url(https:\/\/ultimate-tech.com\/wp-content\/uploads\/2024\/04\/UT_Contact.png?id=9639) !important;}\u00a0\u00bb][vc_column][vc_column_text]<a href=\"https:\/\/goo.gl\/maps\/yfAZg9nW6VwL1Ssd7\" target=\"_blank\" rel=\"noopener\"><mark>54, rue de Br\u00e9soles<br \/>\nMontr\u00e9al, Qu\u00e9bec, Canada H2Y 1V5<\/mark><\/a><br \/>\n<mark>+ 1 514 938-9050<\/mark>[\/vc_column_text][\/vc_column][\/vc_row]<\/p>\n<\/div>","protected":false},"excerpt":{"rendered":"<p>[vc_row][vc_column][vc_titre_section titre=\u00a0\u00bbNous joindre\u00a0\u00bb][vc_column_text] Dites-nous de quoi vous voulez parler. [\/vc_column_text][\/vc_column][\/vc_row][vc_row ultimate_row=\u00a0\u00bbrow-full\u00a0\u00bb][vc_column][vc_custom_contact frm1_title=\u00a0\u00bbInformations g\u00e9n\u00e9rales\u00a0\u00bb frm1=\u00a0\u00bb35&Prime; frm2_title=\u00a0\u00bbVentes &amp; m\u00e9dias\u00a0\u00bb frm2=\u00a0\u00bb4&Prime; frm3_title=\u00a0\u00bbSoutien technique\u00a0\u00bb frm3=\u00a0\u00bb8&Prime;][\/vc_column][\/vc_row][vc_row el_class=\u00a0\u00bbgoogle_zone\u00a0\u00bb css=\u00a0\u00bb.vc_custom_1713889874709{background-image: url(https:\/\/ultimate-tech.com\/wp-content\/uploads\/2024\/04\/UT_Contact.png?id=9639) !important;}\u00a0\u00bb][vc_column][vc_column_text]54, rue de Br\u00e9soles Montr\u00e9al, Qu\u00e9bec, Canada H2Y 1V5 + 1 514 938-9050[\/vc_column_text][\/vc_column][\/vc_row]<\/p>\n","protected":false},"author":1,"featured_media":0,"parent":0,"menu_order":73,"comment_status":"closed","ping_status":"closed","template":"","meta":{"_acf_changed":false,"footnotes":""},"class_list":["post-1831","page","type-page","status-publish","hentry"],"acf":[],"yoast_head":"<!-- This site is optimized with the Yoast SEO plugin v27.4 - https:\/\/yoast.com\/product\/yoast-seo-wordpress\/ -->\n<title>Nous joindre - Ultimate Tech<\/title>\n<meta name=\"description\" content=\"Imposition.com presented by Ultimate TechnoGraphics, leading imposition software provider, focuses on automation your imposition and finishing tasks. Automation drives results in printing. This is the foundation of all Impostrip\u00ae product developments and today printers swear by Impostrip\u00ae\u2019s speed, power, flexibility and ease of use in a digital or hybrid environment. Ultimate TechnoGraphics invented digital imposition with the first release of Impostrip\u00ae in 1989, and has continued to play ...\" \/>\n<meta name=\"robots\" content=\"index, follow, max-snippet:-1, max-image-preview:large, max-video-preview:-1\" \/>\n<link rel=\"canonical\" href=\"https:\/\/ultimate-tech.com\/fr\/nous-joindre\/\" \/>\n<meta property=\"og:locale\" content=\"fr_FR\" \/>\n<meta property=\"og:type\" content=\"article\" \/>\n<meta property=\"og:title\" content=\"Nous joindre - Ultimate Tech\" \/>\n<meta property=\"og:description\" content=\"Imposition.com presented by Ultimate TechnoGraphics, leading imposition software provider, focuses on automation your imposition and finishing tasks. Automation drives results in printing. This is the foundation of all Impostrip\u00ae product developments and today printers swear by Impostrip\u00ae\u2019s speed, power, flexibility and ease of use in a digital or hybrid environment. Ultimate TechnoGraphics invented digital imposition with the first release of Impostrip\u00ae in 1989, and has continued to play ...\" \/>\n<meta property=\"og:url\" content=\"https:\/\/ultimate-tech.com\/fr\/nous-joindre\/\" \/>\n<meta property=\"og:site_name\" content=\"Ultimate Tech\" \/>\n<meta property=\"article:publisher\" content=\"https:\/\/www.facebook.com\/UltimateTechnoGraphics\/\" \/>\n<meta property=\"article:modified_time\" content=\"2024-04-23T22:14:59+00:00\" \/>\n<meta property=\"og:image\" content=\"https:\/\/ultimate-tech.com\/wp-content\/uploads\/2024\/05\/UT-Share-1200x624-1.png\" \/>\n\t<meta property=\"og:image:width\" content=\"1200\" \/>\n\t<meta property=\"og:image:height\" content=\"624\" \/>\n\t<meta property=\"og:image:type\" content=\"image\/png\" \/>\n<meta name=\"twitter:card\" content=\"summary_large_image\" \/>\n<meta name=\"twitter:site\" content=\"@PrintImposition\" \/>\n<meta name=\"twitter:label1\" content=\"Dur\u00e9e de lecture estim\u00e9e\" \/>\n\t<meta name=\"twitter:data1\" content=\"1 minute\" \/>\n<script type=\"application\/ld+json\" class=\"yoast-schema-graph\">{\"@context\":\"https:\\\/\\\/schema.org\",\"@graph\":[{\"@type\":\"WebPage\",\"@id\":\"https:\\\/\\\/ultimate-tech.com\\\/fr\\\/nous-joindre\\\/\",\"url\":\"https:\\\/\\\/ultimate-tech.com\\\/fr\\\/nous-joindre\\\/\",\"name\":\"Nous joindre - Ultimate Tech\",\"isPartOf\":{\"@id\":\"https:\\\/\\\/ultimate-tech.com\\\/#website\"},\"datePublished\":\"2017-11-14T20:15:13+00:00\",\"dateModified\":\"2024-04-23T22:14:59+00:00\",\"description\":\"Imposition.com presented by Ultimate TechnoGraphics, leading imposition software provider, focuses on automation your imposition and finishing tasks. Automation drives results in printing. This is the foundation of all Impostrip\u00ae product developments and today printers swear by Impostrip\u00ae\u2019s speed, power, flexibility and ease of use in a digital or hybrid environment. Ultimate TechnoGraphics invented digital imposition with the first release of Impostrip\u00ae in 1989, and has continued to play ...\",\"breadcrumb\":{\"@id\":\"https:\\\/\\\/ultimate-tech.com\\\/fr\\\/nous-joindre\\\/#breadcrumb\"},\"inLanguage\":\"fr-FR\",\"potentialAction\":[{\"@type\":\"ReadAction\",\"target\":[\"https:\\\/\\\/ultimate-tech.com\\\/fr\\\/nous-joindre\\\/\"]}]},{\"@type\":\"BreadcrumbList\",\"@id\":\"https:\\\/\\\/ultimate-tech.com\\\/fr\\\/nous-joindre\\\/#breadcrumb\",\"itemListElement\":[{\"@type\":\"ListItem\",\"position\":1,\"name\":\"Home\",\"item\":\"https:\\\/\\\/ultimate-tech.com\\\/fr\\\/\"},{\"@type\":\"ListItem\",\"position\":2,\"name\":\"Nous joindre\"}]},{\"@type\":\"WebSite\",\"@id\":\"https:\\\/\\\/ultimate-tech.com\\\/#website\",\"url\":\"https:\\\/\\\/ultimate-tech.com\\\/\",\"name\":\"Ultimate Tech\",\"description\":\"The home of Imposition, Nesting and Finishing Automation\",\"publisher\":{\"@id\":\"https:\\\/\\\/ultimate-tech.com\\\/#organization\"},\"potentialAction\":[{\"@type\":\"SearchAction\",\"target\":{\"@type\":\"EntryPoint\",\"urlTemplate\":\"https:\\\/\\\/ultimate-tech.com\\\/?s={search_term_string}\"},\"query-input\":{\"@type\":\"PropertyValueSpecification\",\"valueRequired\":true,\"valueName\":\"search_term_string\"}}],\"inLanguage\":\"fr-FR\"},{\"@type\":\"Organization\",\"@id\":\"https:\\\/\\\/ultimate-tech.com\\\/#organization\",\"name\":\"Ultimate -Tech\",\"url\":\"https:\\\/\\\/ultimate-tech.com\\\/\",\"logo\":{\"@type\":\"ImageObject\",\"inLanguage\":\"fr-FR\",\"@id\":\"https:\\\/\\\/ultimate-tech.com\\\/#\\\/schema\\\/logo\\\/image\\\/\",\"url\":\"https:\\\/\\\/ultimate-tech.com\\\/wp-content\\\/uploads\\\/2024\\\/05\\\/Ultimate-tech.png\",\"contentUrl\":\"https:\\\/\\\/ultimate-tech.com\\\/wp-content\\\/uploads\\\/2024\\\/05\\\/Ultimate-tech.png\",\"width\":801,\"height\":181,\"caption\":\"Ultimate -Tech\"},\"image\":{\"@id\":\"https:\\\/\\\/ultimate-tech.com\\\/#\\\/schema\\\/logo\\\/image\\\/\"},\"sameAs\":[\"https:\\\/\\\/www.facebook.com\\\/UltimateTechnoGraphics\\\/\",\"https:\\\/\\\/x.com\\\/PrintImposition\",\"https:\\\/\\\/ca.linkedin.com\\\/company\\\/ultimate-technographics\"]}]}<\/script>\n<!-- \/ Yoast SEO plugin. -->","yoast_head_json":{"title":"Nous joindre - Ultimate Tech","description":"Imposition.com presented by Ultimate TechnoGraphics, leading imposition software provider, focuses on automation your imposition and finishing tasks. Automation drives results in printing. This is the foundation of all Impostrip\u00ae product developments and today printers swear by Impostrip\u00ae\u2019s speed, power, flexibility and ease of use in a digital or hybrid environment. Ultimate TechnoGraphics invented digital imposition with the first release of Impostrip\u00ae in 1989, and has continued to play ...","robots":{"index":"index","follow":"follow","max-snippet":"max-snippet:-1","max-image-preview":"max-image-preview:large","max-video-preview":"max-video-preview:-1"},"canonical":"https:\/\/ultimate-tech.com\/fr\/nous-joindre\/","og_locale":"fr_FR","og_type":"article","og_title":"Nous joindre - Ultimate Tech","og_description":"Imposition.com presented by Ultimate TechnoGraphics, leading imposition software provider, focuses on automation your imposition and finishing tasks. Automation drives results in printing. This is the foundation of all Impostrip\u00ae product developments and today printers swear by Impostrip\u00ae\u2019s speed, power, flexibility and ease of use in a digital or hybrid environment. Ultimate TechnoGraphics invented digital imposition with the first release of Impostrip\u00ae in 1989, and has continued to play ...","og_url":"https:\/\/ultimate-tech.com\/fr\/nous-joindre\/","og_site_name":"Ultimate Tech","article_publisher":"https:\/\/www.facebook.com\/UltimateTechnoGraphics\/","article_modified_time":"2024-04-23T22:14:59+00:00","og_image":[{"width":1200,"height":624,"url":"https:\/\/ultimate-tech.com\/wp-content\/uploads\/2024\/05\/UT-Share-1200x624-1.png","type":"image\/png"}],"twitter_card":"summary_large_image","twitter_site":"@PrintImposition","twitter_misc":{"Dur\u00e9e de lecture estim\u00e9e":"1 minute"},"schema":{"@context":"https:\/\/schema.org","@graph":[{"@type":"WebPage","@id":"https:\/\/ultimate-tech.com\/fr\/nous-joindre\/","url":"https:\/\/ultimate-tech.com\/fr\/nous-joindre\/","name":"Nous joindre - Ultimate Tech","isPartOf":{"@id":"https:\/\/ultimate-tech.com\/#website"},"datePublished":"2017-11-14T20:15:13+00:00","dateModified":"2024-04-23T22:14:59+00:00","description":"Imposition.com presented by Ultimate TechnoGraphics, leading imposition software provider, focuses on automation your imposition and finishing tasks. Automation drives results in printing. This is the foundation of all Impostrip\u00ae product developments and today printers swear by Impostrip\u00ae\u2019s speed, power, flexibility and ease of use in a digital or hybrid environment. Ultimate TechnoGraphics invented digital imposition with the first release of Impostrip\u00ae in 1989, and has continued to play ...","breadcrumb":{"@id":"https:\/\/ultimate-tech.com\/fr\/nous-joindre\/#breadcrumb"},"inLanguage":"fr-FR","potentialAction":[{"@type":"ReadAction","target":["https:\/\/ultimate-tech.com\/fr\/nous-joindre\/"]}]},{"@type":"BreadcrumbList","@id":"https:\/\/ultimate-tech.com\/fr\/nous-joindre\/#breadcrumb","itemListElement":[{"@type":"ListItem","position":1,"name":"Home","item":"https:\/\/ultimate-tech.com\/fr\/"},{"@type":"ListItem","position":2,"name":"Nous joindre"}]},{"@type":"WebSite","@id":"https:\/\/ultimate-tech.com\/#website","url":"https:\/\/ultimate-tech.com\/","name":"Ultimate Tech","description":"The home of Imposition, Nesting and Finishing Automation","publisher":{"@id":"https:\/\/ultimate-tech.com\/#organization"},"potentialAction":[{"@type":"SearchAction","target":{"@type":"EntryPoint","urlTemplate":"https:\/\/ultimate-tech.com\/?s={search_term_string}"},"query-input":{"@type":"PropertyValueSpecification","valueRequired":true,"valueName":"search_term_string"}}],"inLanguage":"fr-FR"},{"@type":"Organization","@id":"https:\/\/ultimate-tech.com\/#organization","name":"Ultimate -Tech","url":"https:\/\/ultimate-tech.com\/","logo":{"@type":"ImageObject","inLanguage":"fr-FR","@id":"https:\/\/ultimate-tech.com\/#\/schema\/logo\/image\/","url":"https:\/\/ultimate-tech.com\/wp-content\/uploads\/2024\/05\/Ultimate-tech.png","contentUrl":"https:\/\/ultimate-tech.com\/wp-content\/uploads\/2024\/05\/Ultimate-tech.png","width":801,"height":181,"caption":"Ultimate -Tech"},"image":{"@id":"https:\/\/ultimate-tech.com\/#\/schema\/logo\/image\/"},"sameAs":["https:\/\/www.facebook.com\/UltimateTechnoGraphics\/","https:\/\/x.com\/PrintImposition","https:\/\/ca.linkedin.com\/company\/ultimate-technographics"]}]}},"_links":{"self":[{"href":"https:\/\/ultimate-tech.com\/fr\/wp-json\/wp\/v2\/pages\/1831","targetHints":{"allow":["GET"]}}],"collection":[{"href":"https:\/\/ultimate-tech.com\/fr\/wp-json\/wp\/v2\/pages"}],"about":[{"href":"https:\/\/ultimate-tech.com\/fr\/wp-json\/wp\/v2\/types\/page"}],"author":[{"embeddable":true,"href":"https:\/\/ultimate-tech.com\/fr\/wp-json\/wp\/v2\/users\/1"}],"replies":[{"embeddable":true,"href":"https:\/\/ultimate-tech.com\/fr\/wp-json\/wp\/v2\/comments?post=1831"}],"version-history":[{"count":0,"href":"https:\/\/ultimate-tech.com\/fr\/wp-json\/wp\/v2\/pages\/1831\/revisions"}],"wp:attachment":[{"href":"https:\/\/ultimate-tech.com\/fr\/wp-json\/wp\/v2\/media?parent=1831"}],"curies":[{"name":"wp","href":"https:\/\/api.w.org\/{rel}","templated":true}]}}