{"id":1828,"date":"2017-11-30T16:24:21","date_gmt":"2017-11-30T20:24:21","guid":{"rendered":"https:\/\/ultimate-tech.com\/finishing-program\/"},"modified":"2024-04-23T15:09:47","modified_gmt":"2024-04-23T19:09:47","slug":"programme-et-certification-revendeurs-ultimate","status":"publish","type":"page","link":"https:\/\/ultimate-tech.com\/fr\/revendeur\/programme-et-certification-revendeurs-ultimate\/","title":{"rendered":"Programme et certification revendeurs Ultimate"},"content":{"rendered":"","protected":false},"excerpt":{"rendered":"","protected":false},"author":1,"featured_media":0,"parent":1830,"menu_order":80,"comment_status":"closed","ping_status":"closed","template":"template\/oem.php","meta":{"_acf_changed":false,"footnotes":""},"class_list":["post-1828","page","type-page","status-publish","hentry"],"acf":[],"yoast_head":"<!-- This site is optimized with the Yoast SEO plugin v27.4 - https:\/\/yoast.com\/product\/yoast-seo-wordpress\/ -->\n<title>Devenir un revendeur Ultimate | Ultimate TechnoGraphics<\/title>\n<meta name=\"description\" content=\"En tant que revendeur Ultimate, vous disposez de solutions d&#039;automatisation d&#039;imposition et de finition puissantes mais faciles \u00e0 utiliser dans votre portefeuille de produits. Augmentez votre part de march\u00e9 en attirant de nouveaux clients gr\u00e2ce \u00e0 Ultimate Impostrip\u00ae et Ultimate Bindery\u00ae.\" \/>\n<meta name=\"robots\" content=\"index, follow, max-snippet:-1, max-image-preview:large, max-video-preview:-1\" \/>\n<link rel=\"canonical\" href=\"https:\/\/ultimate-tech.com\/fr\/revendeur\/programme-et-certification-revendeurs-ultimate\/\" \/>\n<meta property=\"og:locale\" content=\"fr_FR\" \/>\n<meta property=\"og:type\" content=\"article\" \/>\n<meta property=\"og:title\" content=\"Devenir un revendeur Ultimate | Ultimate TechnoGraphics\" \/>\n<meta property=\"og:description\" content=\"En tant que revendeur Ultimate, vous disposez de solutions d&#039;automatisation d&#039;imposition et de finition puissantes mais faciles \u00e0 utiliser dans votre portefeuille de produits. Augmentez votre part de march\u00e9 en attirant de nouveaux clients gr\u00e2ce \u00e0 Ultimate Impostrip\u00ae et Ultimate Bindery\u00ae.\" \/>\n<meta property=\"og:url\" content=\"https:\/\/ultimate-tech.com\/fr\/revendeur\/programme-et-certification-revendeurs-ultimate\/\" \/>\n<meta property=\"og:site_name\" content=\"Ultimate Tech\" \/>\n<meta property=\"article:publisher\" content=\"https:\/\/www.facebook.com\/UltimateTechnoGraphics\/\" \/>\n<meta property=\"article:modified_time\" content=\"2024-04-23T19:09:47+00:00\" \/>\n<meta property=\"og:image\" content=\"https:\/\/ultimate-tech.com\/wp-content\/uploads\/2024\/05\/UT-Share-1200x624-1.png\" \/>\n\t<meta property=\"og:image:width\" content=\"1200\" \/>\n\t<meta property=\"og:image:height\" content=\"624\" \/>\n\t<meta property=\"og:image:type\" content=\"image\/png\" \/>\n<meta name=\"twitter:card\" content=\"summary_large_image\" \/>\n<meta name=\"twitter:site\" content=\"@PrintImposition\" \/>\n<script type=\"application\/ld+json\" class=\"yoast-schema-graph\">{\"@context\":\"https:\\\/\\\/schema.org\",\"@graph\":[{\"@type\":\"WebPage\",\"@id\":\"https:\\\/\\\/ultimate-tech.com\\\/fr\\\/revendeur\\\/programme-et-certification-revendeurs-ultimate\\\/\",\"url\":\"https:\\\/\\\/ultimate-tech.com\\\/fr\\\/revendeur\\\/programme-et-certification-revendeurs-ultimate\\\/\",\"name\":\"Devenir un revendeur Ultimate | Ultimate TechnoGraphics\",\"isPartOf\":{\"@id\":\"https:\\\/\\\/ultimate-tech.com\\\/#website\"},\"datePublished\":\"2017-11-30T20:24:21+00:00\",\"dateModified\":\"2024-04-23T19:09:47+00:00\",\"description\":\"En tant que revendeur Ultimate, vous disposez de solutions d'automatisation d'imposition et de finition puissantes mais faciles \u00e0 utiliser dans votre portefeuille de produits. Augmentez votre part de march\u00e9 en attirant de nouveaux clients gr\u00e2ce \u00e0 Ultimate Impostrip\u00ae et Ultimate Bindery\u00ae.\",\"breadcrumb\":{\"@id\":\"https:\\\/\\\/ultimate-tech.com\\\/fr\\\/revendeur\\\/programme-et-certification-revendeurs-ultimate\\\/#breadcrumb\"},\"inLanguage\":\"fr-FR\",\"potentialAction\":[{\"@type\":\"ReadAction\",\"target\":[\"https:\\\/\\\/ultimate-tech.com\\\/fr\\\/revendeur\\\/programme-et-certification-revendeurs-ultimate\\\/\"]}]},{\"@type\":\"BreadcrumbList\",\"@id\":\"https:\\\/\\\/ultimate-tech.com\\\/fr\\\/revendeur\\\/programme-et-certification-revendeurs-ultimate\\\/#breadcrumb\",\"itemListElement\":[{\"@type\":\"ListItem\",\"position\":1,\"name\":\"Home\",\"item\":\"https:\\\/\\\/ultimate-tech.com\\\/fr\\\/\"},{\"@type\":\"ListItem\",\"position\":2,\"name\":\"Revendeurs\",\"item\":\"https:\\\/\\\/ultimate-tech.com\\\/fr\\\/revendeur\\\/\"},{\"@type\":\"ListItem\",\"position\":3,\"name\":\"Programme et certification revendeurs Ultimate\"}]},{\"@type\":\"WebSite\",\"@id\":\"https:\\\/\\\/ultimate-tech.com\\\/#website\",\"url\":\"https:\\\/\\\/ultimate-tech.com\\\/\",\"name\":\"Ultimate Tech\",\"description\":\"The home of Imposition, Nesting and Finishing Automation\",\"publisher\":{\"@id\":\"https:\\\/\\\/ultimate-tech.com\\\/#organization\"},\"potentialAction\":[{\"@type\":\"SearchAction\",\"target\":{\"@type\":\"EntryPoint\",\"urlTemplate\":\"https:\\\/\\\/ultimate-tech.com\\\/?s={search_term_string}\"},\"query-input\":{\"@type\":\"PropertyValueSpecification\",\"valueRequired\":true,\"valueName\":\"search_term_string\"}}],\"inLanguage\":\"fr-FR\"},{\"@type\":\"Organization\",\"@id\":\"https:\\\/\\\/ultimate-tech.com\\\/#organization\",\"name\":\"Ultimate -Tech\",\"url\":\"https:\\\/\\\/ultimate-tech.com\\\/\",\"logo\":{\"@type\":\"ImageObject\",\"inLanguage\":\"fr-FR\",\"@id\":\"https:\\\/\\\/ultimate-tech.com\\\/#\\\/schema\\\/logo\\\/image\\\/\",\"url\":\"https:\\\/\\\/ultimate-tech.com\\\/wp-content\\\/uploads\\\/2024\\\/05\\\/Ultimate-tech.png\",\"contentUrl\":\"https:\\\/\\\/ultimate-tech.com\\\/wp-content\\\/uploads\\\/2024\\\/05\\\/Ultimate-tech.png\",\"width\":801,\"height\":181,\"caption\":\"Ultimate -Tech\"},\"image\":{\"@id\":\"https:\\\/\\\/ultimate-tech.com\\\/#\\\/schema\\\/logo\\\/image\\\/\"},\"sameAs\":[\"https:\\\/\\\/www.facebook.com\\\/UltimateTechnoGraphics\\\/\",\"https:\\\/\\\/x.com\\\/PrintImposition\",\"https:\\\/\\\/ca.linkedin.com\\\/company\\\/ultimate-technographics\"]}]}<\/script>\n<!-- \/ Yoast SEO plugin. -->","yoast_head_json":{"title":"Devenir un revendeur Ultimate | Ultimate TechnoGraphics","description":"En tant que revendeur Ultimate, vous disposez de solutions d'automatisation d'imposition et de finition puissantes mais faciles \u00e0 utiliser dans votre portefeuille de produits. Augmentez votre part de march\u00e9 en attirant de nouveaux clients gr\u00e2ce \u00e0 Ultimate Impostrip\u00ae et Ultimate Bindery\u00ae.","robots":{"index":"index","follow":"follow","max-snippet":"max-snippet:-1","max-image-preview":"max-image-preview:large","max-video-preview":"max-video-preview:-1"},"canonical":"https:\/\/ultimate-tech.com\/fr\/revendeur\/programme-et-certification-revendeurs-ultimate\/","og_locale":"fr_FR","og_type":"article","og_title":"Devenir un revendeur Ultimate | Ultimate TechnoGraphics","og_description":"En tant que revendeur Ultimate, vous disposez de solutions d'automatisation d'imposition et de finition puissantes mais faciles \u00e0 utiliser dans votre portefeuille de produits. Augmentez votre part de march\u00e9 en attirant de nouveaux clients gr\u00e2ce \u00e0 Ultimate Impostrip\u00ae et Ultimate Bindery\u00ae.","og_url":"https:\/\/ultimate-tech.com\/fr\/revendeur\/programme-et-certification-revendeurs-ultimate\/","og_site_name":"Ultimate Tech","article_publisher":"https:\/\/www.facebook.com\/UltimateTechnoGraphics\/","article_modified_time":"2024-04-23T19:09:47+00:00","og_image":[{"width":1200,"height":624,"url":"https:\/\/ultimate-tech.com\/wp-content\/uploads\/2024\/05\/UT-Share-1200x624-1.png","type":"image\/png"}],"twitter_card":"summary_large_image","twitter_site":"@PrintImposition","schema":{"@context":"https:\/\/schema.org","@graph":[{"@type":"WebPage","@id":"https:\/\/ultimate-tech.com\/fr\/revendeur\/programme-et-certification-revendeurs-ultimate\/","url":"https:\/\/ultimate-tech.com\/fr\/revendeur\/programme-et-certification-revendeurs-ultimate\/","name":"Devenir un revendeur Ultimate | Ultimate TechnoGraphics","isPartOf":{"@id":"https:\/\/ultimate-tech.com\/#website"},"datePublished":"2017-11-30T20:24:21+00:00","dateModified":"2024-04-23T19:09:47+00:00","description":"En tant que revendeur Ultimate, vous disposez de solutions d'automatisation d'imposition et de finition puissantes mais faciles \u00e0 utiliser dans votre portefeuille de produits. Augmentez votre part de march\u00e9 en attirant de nouveaux clients gr\u00e2ce \u00e0 Ultimate Impostrip\u00ae et Ultimate Bindery\u00ae.","breadcrumb":{"@id":"https:\/\/ultimate-tech.com\/fr\/revendeur\/programme-et-certification-revendeurs-ultimate\/#breadcrumb"},"inLanguage":"fr-FR","potentialAction":[{"@type":"ReadAction","target":["https:\/\/ultimate-tech.com\/fr\/revendeur\/programme-et-certification-revendeurs-ultimate\/"]}]},{"@type":"BreadcrumbList","@id":"https:\/\/ultimate-tech.com\/fr\/revendeur\/programme-et-certification-revendeurs-ultimate\/#breadcrumb","itemListElement":[{"@type":"ListItem","position":1,"name":"Home","item":"https:\/\/ultimate-tech.com\/fr\/"},{"@type":"ListItem","position":2,"name":"Revendeurs","item":"https:\/\/ultimate-tech.com\/fr\/revendeur\/"},{"@type":"ListItem","position":3,"name":"Programme et certification revendeurs Ultimate"}]},{"@type":"WebSite","@id":"https:\/\/ultimate-tech.com\/#website","url":"https:\/\/ultimate-tech.com\/","name":"Ultimate Tech","description":"The home of Imposition, Nesting and Finishing Automation","publisher":{"@id":"https:\/\/ultimate-tech.com\/#organization"},"potentialAction":[{"@type":"SearchAction","target":{"@type":"EntryPoint","urlTemplate":"https:\/\/ultimate-tech.com\/?s={search_term_string}"},"query-input":{"@type":"PropertyValueSpecification","valueRequired":true,"valueName":"search_term_string"}}],"inLanguage":"fr-FR"},{"@type":"Organization","@id":"https:\/\/ultimate-tech.com\/#organization","name":"Ultimate -Tech","url":"https:\/\/ultimate-tech.com\/","logo":{"@type":"ImageObject","inLanguage":"fr-FR","@id":"https:\/\/ultimate-tech.com\/#\/schema\/logo\/image\/","url":"https:\/\/ultimate-tech.com\/wp-content\/uploads\/2024\/05\/Ultimate-tech.png","contentUrl":"https:\/\/ultimate-tech.com\/wp-content\/uploads\/2024\/05\/Ultimate-tech.png","width":801,"height":181,"caption":"Ultimate -Tech"},"image":{"@id":"https:\/\/ultimate-tech.com\/#\/schema\/logo\/image\/"},"sameAs":["https:\/\/www.facebook.com\/UltimateTechnoGraphics\/","https:\/\/x.com\/PrintImposition","https:\/\/ca.linkedin.com\/company\/ultimate-technographics"]}]}},"_links":{"self":[{"href":"https:\/\/ultimate-tech.com\/fr\/wp-json\/wp\/v2\/pages\/1828","targetHints":{"allow":["GET"]}}],"collection":[{"href":"https:\/\/ultimate-tech.com\/fr\/wp-json\/wp\/v2\/pages"}],"about":[{"href":"https:\/\/ultimate-tech.com\/fr\/wp-json\/wp\/v2\/types\/page"}],"author":[{"embeddable":true,"href":"https:\/\/ultimate-tech.com\/fr\/wp-json\/wp\/v2\/users\/1"}],"replies":[{"embeddable":true,"href":"https:\/\/ultimate-tech.com\/fr\/wp-json\/wp\/v2\/comments?post=1828"}],"version-history":[{"count":0,"href":"https:\/\/ultimate-tech.com\/fr\/wp-json\/wp\/v2\/pages\/1828\/revisions"}],"up":[{"embeddable":true,"href":"https:\/\/ultimate-tech.com\/fr\/wp-json\/wp\/v2\/pages\/1830"}],"wp:attachment":[{"href":"https:\/\/ultimate-tech.com\/fr\/wp-json\/wp\/v2\/media?parent=1828"}],"curies":[{"name":"wp","href":"https:\/\/api.w.org\/{rel}","templated":true}]}}